{"id":69,"date":"2023-10-19T22:04:50","date_gmt":"2023-10-19T22:04:50","guid":{"rendered":"http:\/\/dachstubn.at\/?page_id=69"},"modified":"2024-01-09T19:17:34","modified_gmt":"2024-01-09T19:17:34","slug":"impressum","status":"publish","type":"page","link":"https:\/\/dachstubn.at\/en\/impressum\/","title":{"rendered":"Impressum"},"content":{"rendered":"","protected":false},"excerpt":{"rendered":"","protected":false},"author":1,"featured_media":0,"parent":0,"menu_order":1,"comment_status":"closed","ping_status":"closed","template":"","meta":[],"class_list":["post-69","page","type-page","status-publish","hentry"],"yoast_head":"<!-- This site is optimized with the Yoast SEO plugin v21.7 - https:\/\/yoast.com\/wordpress\/plugins\/seo\/ -->\n<title>Impressum - Sellrainer Dachstubn<\/title>\n<meta name=\"robots\" content=\"index, follow, max-snippet:-1, max-image-preview:large, max-video-preview:-1\" \/>\n<link rel=\"canonical\" href=\"https:\/\/dachstubn.at\/impressum\/\" \/>\n<meta property=\"og:locale\" content=\"en_US\" \/>\n<meta property=\"og:type\" content=\"article\" \/>\n<meta property=\"og:title\" content=\"Impressum - Sellrainer Dachstubn\" \/>\n<meta property=\"og:url\" content=\"https:\/\/dachstubn.at\/impressum\/\" \/>\n<meta property=\"og:site_name\" content=\"Sellrainer Dachstubn\" \/>\n<meta property=\"article:modified_time\" content=\"2024-01-09T19:17:34+00:00\" \/>\n<meta property=\"og:image\" content=\"https:\/\/dachstubn.at\/wp-content\/uploads\/2023\/11\/Dachstubn-2.jpg\" \/>\n\t<meta property=\"og:image:width\" content=\"2000\" \/>\n\t<meta property=\"og:image:height\" content=\"1334\" \/>\n\t<meta property=\"og:image:type\" content=\"image\/jpeg\" \/>\n<meta name=\"twitter:card\" content=\"summary_large_image\" \/>\n<meta name=\"twitter:label1\" content=\"Est. reading time\" \/>\n\t<meta name=\"twitter:data1\" content=\"4 minutes\" \/>\n<script type=\"application\/ld+json\" class=\"yoast-schema-graph\">{\"@context\":\"https:\/\/schema.org\",\"@graph\":[{\"@type\":\"WebPage\",\"@id\":\"https:\/\/dachstubn.at\/impressum\/\",\"url\":\"https:\/\/dachstubn.at\/impressum\/\",\"name\":\"Impressum - Sellrainer Dachstubn\",\"isPartOf\":{\"@id\":\"https:\/\/dachstubn.at\/en\/#website\"},\"datePublished\":\"2023-10-19T22:04:50+00:00\",\"dateModified\":\"2024-01-09T19:17:34+00:00\",\"breadcrumb\":{\"@id\":\"https:\/\/dachstubn.at\/impressum\/#breadcrumb\"},\"inLanguage\":\"en-US\",\"potentialAction\":[{\"@type\":\"ReadAction\",\"target\":[\"https:\/\/dachstubn.at\/impressum\/\"]}]},{\"@type\":\"BreadcrumbList\",\"@id\":\"https:\/\/dachstubn.at\/impressum\/#breadcrumb\",\"itemListElement\":[{\"@type\":\"ListItem\",\"position\":1,\"name\":\"Startseite\",\"item\":\"https:\/\/dachstubn.at\/en\/\"},{\"@type\":\"ListItem\",\"position\":2,\"name\":\"Impressum\"}]},{\"@type\":\"WebSite\",\"@id\":\"https:\/\/dachstubn.at\/en\/#website\",\"url\":\"https:\/\/dachstubn.at\/en\/\",\"name\":\"Sellrainer Dachstubn\",\"description\":\"Sellrainer Dachstubn - Holiday Apartment Sellrain Valley\",\"publisher\":{\"@id\":\"https:\/\/dachstubn.at\/en\/#organization\"},\"potentialAction\":[{\"@type\":\"SearchAction\",\"target\":{\"@type\":\"EntryPoint\",\"urlTemplate\":\"https:\/\/dachstubn.at\/en\/?s={search_term_string}\"},\"query-input\":\"required name=search_term_string\"}],\"inLanguage\":\"en-US\"},{\"@type\":\"Organization\",\"@id\":\"https:\/\/dachstubn.at\/en\/#organization\",\"name\":\"Sellrainer Dachstubn\",\"url\":\"https:\/\/dachstubn.at\/en\/\",\"logo\":{\"@type\":\"ImageObject\",\"inLanguage\":\"en-US\",\"@id\":\"https:\/\/dachstubn.at\/en\/#\/schema\/logo\/image\/\",\"url\":\"https:\/\/dachstubn.at\/wp-content\/uploads\/2023\/10\/cropped-D-FAVI.jpg\",\"contentUrl\":\"https:\/\/dachstubn.at\/wp-content\/uploads\/2023\/10\/cropped-D-FAVI.jpg\",\"width\":512,\"height\":512,\"caption\":\"Sellrainer Dachstubn\"},\"image\":{\"@id\":\"https:\/\/dachstubn.at\/en\/#\/schema\/logo\/image\/\"},\"sameAs\":[\"https:\/\/www.instagram.com\/dachstubn\/\"]}]}<\/script>\n<!-- \/ Yoast SEO plugin. -->","yoast_head_json":{"title":"Impressum - Sellrainer Dachstubn","robots":{"index":"index","follow":"follow","max-snippet":"max-snippet:-1","max-image-preview":"max-image-preview:large","max-video-preview":"max-video-preview:-1"},"canonical":"https:\/\/dachstubn.at\/impressum\/","og_locale":"en_US","og_type":"article","og_title":"Impressum - Sellrainer Dachstubn","og_url":"https:\/\/dachstubn.at\/impressum\/","og_site_name":"Sellrainer Dachstubn","article_modified_time":"2024-01-09T19:17:34+00:00","og_image":[{"width":2000,"height":1334,"url":"https:\/\/dachstubn.at\/wp-content\/uploads\/2023\/11\/Dachstubn-2.jpg","type":"image\/jpeg"}],"twitter_card":"summary_large_image","twitter_misc":{"Est. reading time":"4 minutes"},"schema":{"@context":"https:\/\/schema.org","@graph":[{"@type":"WebPage","@id":"https:\/\/dachstubn.at\/impressum\/","url":"https:\/\/dachstubn.at\/impressum\/","name":"Impressum - Sellrainer Dachstubn","isPartOf":{"@id":"https:\/\/dachstubn.at\/en\/#website"},"datePublished":"2023-10-19T22:04:50+00:00","dateModified":"2024-01-09T19:17:34+00:00","breadcrumb":{"@id":"https:\/\/dachstubn.at\/impressum\/#breadcrumb"},"inLanguage":"en-US","potentialAction":[{"@type":"ReadAction","target":["https:\/\/dachstubn.at\/impressum\/"]}]},{"@type":"BreadcrumbList","@id":"https:\/\/dachstubn.at\/impressum\/#breadcrumb","itemListElement":[{"@type":"ListItem","position":1,"name":"Startseite","item":"https:\/\/dachstubn.at\/en\/"},{"@type":"ListItem","position":2,"name":"Impressum"}]},{"@type":"WebSite","@id":"https:\/\/dachstubn.at\/en\/#website","url":"https:\/\/dachstubn.at\/en\/","name":"Sellrainer Dachstubn","description":"Sellrainer Dachstubn - Holiday Apartment Sellrain Valley","publisher":{"@id":"https:\/\/dachstubn.at\/en\/#organization"},"potentialAction":[{"@type":"SearchAction","target":{"@type":"EntryPoint","urlTemplate":"https:\/\/dachstubn.at\/en\/?s={search_term_string}"},"query-input":"required name=search_term_string"}],"inLanguage":"en-US"},{"@type":"Organization","@id":"https:\/\/dachstubn.at\/en\/#organization","name":"Sellrainer Dachstubn","url":"https:\/\/dachstubn.at\/en\/","logo":{"@type":"ImageObject","inLanguage":"en-US","@id":"https:\/\/dachstubn.at\/en\/#\/schema\/logo\/image\/","url":"https:\/\/dachstubn.at\/wp-content\/uploads\/2023\/10\/cropped-D-FAVI.jpg","contentUrl":"https:\/\/dachstubn.at\/wp-content\/uploads\/2023\/10\/cropped-D-FAVI.jpg","width":512,"height":512,"caption":"Sellrainer Dachstubn"},"image":{"@id":"https:\/\/dachstubn.at\/en\/#\/schema\/logo\/image\/"},"sameAs":["https:\/\/www.instagram.com\/dachstubn\/"]}]}},"grid":"{\r\n  \"colCount\": 22,\r\n  \"colGutter\": 1,\r\n  \"rowGutters\": [\r\n    5,\r\n    5\r\n  ],\r\n  \"frameMargin\": 5,\r\n  \"leftFrameMargin\": 4,\r\n  \"rightFrameMargin\": 4,\r\n  \"topFrameMargin\": 100,\r\n  \"horizontalGrid\": {\r\n    \"show\": false,\r\n    \"space\": 1,\r\n    \"mu\": \"%\"\r\n  },\r\n  \"mus\": {\r\n    \"colGutterMu\": \"%\",\r\n    \"rowGutterMu\": \"%\",\r\n    \"topFrameMu\": \"px\",\r\n    \"bottomFrameMu\": \"%\",\r\n    \"frameMu\": \"%\"\r\n  },\r\n  \"bottomFrameMargin\": 10,\r\n  \"rowAttrs\": [\r\n    {\r\n      \"relid\": 1\r\n    },\r\n    {\r\n      \"relid\": 5\r\n    },\r\n    {\r\n      \"relid\": 3\r\n    }\r\n  ],\r\n  \"bgColor\": null,\r\n  \"bgImage\": null,\r\n  \"cont\": [\r\n    {\r\n      \"type\": \"text\",\r\n      \"cont\": \"<div id=\\\"c160\\\" class=\\\"frame frame-default frame-type-text frame-layout-0\\\"><h3 class=\\\"fusion-responsive-typography-calculated\\\" data-fontsize=\\\"21\\\" data-lineheight=\\\"31.5px\\\"><span style=\\\"font-size: 20px;\\\"><strong>Imprint<\/strong><\/span><\/h3><p class=\\\"adsimple-121890394\\\"><span style=\\\"font-size: 20px;\\\"><span>Information obligation according to \u00a75 E-Commerce Act, \u00a714 Commercial Code, \u00a763 Trade Regulations, and disclosure obligation according to \u00a725 Media Act - Austria.<\/span><br \/><br \/><b><\/b><\/span><\/p><h3 id=\\\"haftung-fuer-inhalte-dieser-webseite\\\" class=\\\"adsimple-121890394\\\" data-fontsize=\\\"24\\\" data-lineheight=\\\"36px\\\"><span style=\\\"font-size: 20px;\\\"><strong>Contact<\/strong><b><\/b><\/span><\/h3><p><span style=\\\"font-size: 20px;\\\">Tobias Pichler<\/span><br \/><span style=\\\"font-size: 20px;\\\"><a rel=\\\"noopener\\\" href=\\\"https:\/\/maps.app.goo.gl\/oPCNyz38ij7CA16s5\\\" target=\\\"_blank\\\" data-id=\\\"0\\\">Rothenbrunn 42<\/a><\/span><br \/><span style=\\\"font-size: 20px;\\\">6181 Sellrain<\/span><br \/><span style=\\\"font-size: 20px;\\\">Austria<\/span><\/p><p><span style=\\\"font-size: 20px;\\\">Cell: +43 660 3464914<\/span><br \/><span style=\\\"font-size: 20px;\\\">Mail: <a rel=\\\"noopener\\\" href=\\\"mailto:info@dachstubn.at\\\" target=\\\"_blank\\\">info@dachstubn.at<\/a><\/span><\/p><\/div>\",\r\n      \"align\": \"top\",\r\n      \"row\": 0,\r\n      \"col\": 3,\r\n      \"colspan\": 16,\r\n      \"offsetx\": 0,\r\n      \"offsety\": 0,\r\n      \"spaceabove\": 0,\r\n      \"spacebelow\": 0,\r\n      \"yvel\": 1,\r\n      \"push\": 3,\r\n      \"relid\": 2,\r\n      \"absolute_position\": false,\r\n      \"dosync\": false\r\n    },\r\n    {\r\n      \"type\": \"text\",\r\n      \"cont\": \"<p id=\\\"haftung-fuer-inhalte-dieser-webseite\\\" class=\\\"adsimple-121890394\\\" data-fontsize=\\\"24\\\" data-lineheight=\\\"36px\\\"><span style=\\\"font-size: 20px;\\\"><strong>Liability for Content of this Website<br \/><br \/><\/strong><\/span><\/p><p>We are constantly developing the content of this website and strive to provide correct and up-to-date information. Unfortunately, we cannot assume liability for the correctness of all content on this website, especially for those provided by third parties. As a service provider, we are not obligated to monitor the information transmitted or stored by them or to investigate circumstances that indicate illegal activity.<\/p><p>Our obligations to remove or block the use of information according to general laws due to court or official orders remain unaffected even in the case of our non-responsibility.<\/p><p>If you notice problematic or illegal content, please contact us immediately so that we can remove the illegal content. You can find the contact details in the imprint.<\/p><p>\u00a0<\/p><h3 id=\\\"haftung-links-webseite\\\" class=\\\"adsimple-121890394\\\" data-fontsize=\\\"24\\\" data-lineheight=\\\"36px\\\"><span style=\\\"font-size: 20px;\\\"><strong>Liability for Links on this Website<br \/><br \/><\/strong><\/span><\/h3><p>Our website contains links to other websites for whose content we are not responsible. We are not liable for linked websites because we had no knowledge of illegal activities and have not noticed any such illegalities so far, and we would remove links immediately if we became aware of any infringements.<\/p><p>If you notice illegal links on our website, please contact us. You can find the contact details in the imprint.<\/p>\",\r\n      \"align\": \"middle\",\r\n      \"row\": 1,\r\n      \"col\": 3,\r\n      \"colspan\": 16,\r\n      \"offsetx\": 0,\r\n      \"offsety\": 0,\r\n      \"spaceabove\": 0,\r\n      \"spacebelow\": 0,\r\n      \"yvel\": 1,\r\n      \"push\": 3,\r\n      \"relid\": 6,\r\n      \"absolute_position\": false,\r\n      \"frameOverflow\": \"\",\r\n      \"dosync\": false\r\n    },\r\n    {\r\n      \"type\": \"text\",\r\n      \"cont\": \"<p><span style=\\\"font-size: 20px;\\\"><strong>Copyright notice<br \/><\/strong><\/span><\/p><p>\u00a0<\/p><p>All content of this website (images, photos, texts, videos) is subject to copyright. Please ask us before spreading, reproducing, or utilizing the content of this website, such as republishing on other websites. If necessary, we will legally pursue the unauthorized use of parts of our content.<\/p><p>If you find content on this website that violates copyright, please contact us.<\/p><p><span style=\\\"font-size: 20px;\\\">\u00a0<\/span><\/p><p><span style=\\\"font-size: 20px;\\\"><strong>Copyright<br \/><br \/><\/strong><\/span><\/p><p><span>The texts, images, photos, and graphics on this website are protected by copyright. All rights are reserved by: Tobias Pichler<\/span><\/p>\",\r\n      \"align\": \"top\",\r\n      \"row\": 2,\r\n      \"col\": 3,\r\n      \"colspan\": 16,\r\n      \"offsetx\": 0,\r\n      \"offsety\": 0,\r\n      \"spaceabove\": 0,\r\n      \"spacebelow\": 0,\r\n      \"yvel\": 1,\r\n      \"push\": 3,\r\n      \"relid\": 4,\r\n      \"absolute_position\": false,\r\n      \"dosync\": false\r\n    }\r\n  ]\r\n}","phonegrid":"{\r\n  \"colCount\": 12,\r\n  \"colGutter\": 1,\r\n  \"rowGutters\": [\r\n    5,\r\n    5\r\n  ],\r\n  \"frameMargin\": 5,\r\n  \"topFrameMargin\": 5,\r\n  \"rightFrameMargin\": 5,\r\n  \"bottomFrameMargin\": 5,\r\n  \"leftFrameMargin\": 5,\r\n  \"mus\": {\r\n    \"colGutterMu\": \"%\",\r\n    \"rowGutterMu\": \"%\",\r\n    \"topFrameMu\": \"%\",\r\n    \"bottomFrameMu\": \"%\",\r\n    \"frameMu\": \"%\"\r\n  },\r\n  \"rowAttrs\": [\r\n    {\r\n      \"relid\": 7\r\n    },\r\n    {\r\n      \"relid\": 8\r\n    },\r\n    {\r\n      \"relid\": 9\r\n    }\r\n  ],\r\n  \"bgColor\": null,\r\n  \"bgImage\": null,\r\n  \"cont\": [\r\n    {\r\n      \"type\": \"text\",\r\n      \"cont\": \"<div id=\\\"c160\\\" class=\\\"frame frame-default frame-type-text frame-layout-0\\\"><h3 class=\\\"fusion-responsive-typography-calculated\\\" data-fontsize=\\\"21\\\" data-lineheight=\\\"31.5px\\\"><span style=\\\"font-size: 16px;\\\"><strong>Imprint<\/strong><\/span><\/h3><p class=\\\"adsimple-121890394\\\"><span style=\\\"font-size: 16px;\\\">Informationspflicht laut \u00a75 E-Commerce Gesetz, \u00a714 Unternehmensgesetzbuch, \u00a763 Gewerbeordnung und Offenlegungspflicht laut \u00a725 Mediengesetz.<br \/><br \/><b><\/b><\/span><\/p><h3 id=\\\"haftung-fuer-inhalte-dieser-webseite\\\" class=\\\"adsimple-121890394\\\" data-fontsize=\\\"24\\\" data-lineheight=\\\"36px\\\"><span style=\\\"font-size: 16px;\\\"><strong>Contact<\/strong><b><\/b><\/span><\/h3><p><span style=\\\"font-size: 16px;\\\">Tobias Pichler<\/span><br \/><span style=\\\"font-size: 16px;\\\"><a rel=\\\"noopener\\\" href=\\\"https:\/\/maps.app.goo.gl\/oPCNyz38ij7CA16s5\\\" target=\\\"_blank\\\" data-id=\\\"0\\\">Rothenbrunn 42<\/a><\/span><br \/><span style=\\\"font-size: 16px;\\\">6181 Sellrain<\/span><br \/><span style=\\\"font-size: 16px;\\\">Austria<\/span><\/p><p><span style=\\\"font-size: 16px;\\\">Cell: +43 660 3464914<\/span><br \/><span style=\\\"font-size: 16px;\\\">Mail: <a rel=\\\"noopener\\\" href=\\\"mailto:info@dachstubn.at\\\" target=\\\"_blank\\\">info@dachstubn.at<\/a><\/span><\/p><\/div>\",\r\n      \"align\": \"bottom\",\r\n      \"row\": 0,\r\n      \"col\": 0,\r\n      \"colspan\": 12,\r\n      \"offsetx\": 0,\r\n      \"offsety\": 0,\r\n      \"spaceabove\": 0,\r\n      \"spacebelow\": 0,\r\n      \"yvel\": 1,\r\n      \"push\": 0,\r\n      \"relid\": 2,\r\n      \"absolute_position\": false,\r\n      \"dosync\": false\r\n    },\r\n    {\r\n      \"type\": \"text\",\r\n      \"cont\": \"<p id=\\\"haftung-fuer-inhalte-dieser-webseite\\\" class=\\\"adsimple-121890394\\\" data-fontsize=\\\"24\\\" data-lineheight=\\\"36px\\\"><span style=\\\"font-size: 16px;\\\"><strong>Liability for Content<br \/><br \/><\/strong><\/span><\/p><p><span style=\\\"font-size: 16px;\\\">Wir entwickeln die Inhalte dieser Website st\u00e4ndig weiter und bem\u00fchen uns korrekte und aktuelle Informationen bereitzustellen. \u00a0Leider k\u00f6nnen wir keine Haftung f\u00fcr die Korrektheit aller Inhalte auf dieser Website \u00fcbernehmen, speziell f\u00fcr jene, die seitens Dritter bereitgestellt wurden. Als Diensteanbieter sind wir nicht verpflichtet, die von ihnen \u00fcbermittelten oder gespeicherten Informationen zu \u00fcberwachen oder nach Umst\u00e4nden zu forschen, die auf eine rechtswidrige T\u00e4tigkeit hinweisen.<\/span><\/p><p><span style=\\\"font-size: 16px;\\\">Unsere Verpflichtungen zur Entfernung von Informationen oder zur Sperrung der Nutzung von Informationen nach den allgemeinen Gesetzen aufgrund von gerichtlichen oder beh\u00f6rdlichen Anordnungen bleiben auch im Falle unserer Nichtverantwortlichkeit davon unber\u00fchrt.<\/span><\/p><p><span style=\\\"font-size: 16px;\\\">Sollten Ihnen problematische oder rechtswidrige Inhalte auffallen, bitte wir Sie uns umgehend zu kontaktieren, damit wir die rechtswidrigen Inhalte entfernen k\u00f6nnen. Sie finden die Kontaktdaten im Impressum.<br \/><br \/><\/span><\/p><h3 id=\\\"haftung-links-webseite\\\" class=\\\"adsimple-121890394\\\" data-fontsize=\\\"24\\\" data-lineheight=\\\"36px\\\"><span style=\\\"font-size: 16px;\\\"><strong>Liability for Links on this Website<br \/><br \/><\/strong><\/span><\/h3><h3 class=\\\"adsimple-121890394\\\" data-fontsize=\\\"24\\\" data-lineheight=\\\"36px\\\"><span style=\\\"font-size: 16px;\\\">Unsere Website enth\u00e4lt Links zu anderen Websites f\u00fcr deren Inhalt wir nicht verantwortlich sind. Haftung f\u00fcr verlinkte Websites besteht f\u00fcr uns nicht, da wir keine Kenntnis rechtswidriger T\u00e4tigkeiten hatten und haben, uns solche Rechtswidrigkeiten auch bisher nicht aufgefallen sind und wir Links sofort entfernen w\u00fcrden, wenn uns Rechtswidrigkeiten bekannt werden.<\/span><\/h3><p><span style=\\\"font-size: 16px;\\\">Wenn Ihnen rechtswidrige Links auf unserer Website auffallen, bitte wir Sie uns zu kontaktieren. Sie finden die Kontaktdaten im Impressum.<\/span><\/p>\",\r\n      \"align\": \"bottom\",\r\n      \"row\": 1,\r\n      \"col\": 0,\r\n      \"colspan\": 12,\r\n      \"offsetx\": 0,\r\n      \"offsety\": 0,\r\n      \"spaceabove\": 0,\r\n      \"spacebelow\": 0,\r\n      \"yvel\": 1,\r\n      \"push\": 0,\r\n      \"relid\": 6,\r\n      \"absolute_position\": false,\r\n      \"frameOverflow\": \"\",\r\n      \"dosync\": false\r\n    },\r\n    {\r\n      \"type\": \"text\",\r\n      \"cont\": \"<p><span style=\\\"font-size: 16px;\\\"><strong>Copyright<br \/><br \/><\/strong><\/span><\/p><p><span style=\\\"font-size: 16px;\\\">Alle Inhalte dieser Webseite (Bilder, Fotos, Texte, Videos) unterliegen dem Urheberrecht. Bitte fragen Sie uns bevor Sie die Inhalte dieser Website verbreiten, vervielf\u00e4ltigen oder verwerten wie zum Beispiel auf anderen Websites erneut ver\u00f6ffentlichen. Falls notwendig, werden wir die unerlaubte Nutzung von Teilen der Inhalte unserer Seite rechtlich verfolgen.<\/span><\/p><p><span style=\\\"font-size: 16px;\\\">Sollten Sie auf dieser Webseite Inhalte finden, die das Urheberrecht verletzen, bitten wir Sie uns zu kontaktieren.<br \/><br \/><\/span><\/p><p><span style=\\\"font-size: 16px;\\\"><strong>Copyright<br \/><br \/><\/strong><\/span><\/p><p><span style=\\\"font-size: 16px;\\\">Die Bilder, Fotos und Grafiken auf dieser Webseite sind urheberrechtlich gesch\u00fctzt.<\/span><\/p><p><span style=\\\"font-size: 16px;\\\">Die Bilderrechte liegen bei:<span style=\\\"font-family: standard-book-webfont;\\\">\u00a0Tobias Pichler<\/span><\/span><\/p><p><span style=\\\"font-size: 16px;\\\">Alle Texte sind urheberrechtlich gesch\u00fctzt.<\/span><\/p>\",\r\n      \"align\": \"top\",\r\n      \"row\": 2,\r\n      \"col\": 0,\r\n      \"colspan\": 12,\r\n      \"offsetx\": 0,\r\n      \"offsety\": 0,\r\n      \"spaceabove\": 0,\r\n      \"spacebelow\": 0,\r\n      \"yvel\": 1,\r\n      \"push\": 0,\r\n      \"relid\": 4,\r\n      \"absolute_position\": false,\r\n      \"dosync\": false\r\n    }\r\n  ]\r\n}","_links":{"self":[{"href":"https:\/\/dachstubn.at\/en\/wp-json\/wp\/v2\/pages\/69","targetHints":{"allow":["GET"]}}],"collection":[{"href":"https:\/\/dachstubn.at\/en\/wp-json\/wp\/v2\/pages"}],"about":[{"href":"https:\/\/dachstubn.at\/en\/wp-json\/wp\/v2\/types\/page"}],"author":[{"embeddable":true,"href":"https:\/\/dachstubn.at\/en\/wp-json\/wp\/v2\/users\/1"}],"replies":[{"embeddable":true,"href":"https:\/\/dachstubn.at\/en\/wp-json\/wp\/v2\/comments?post=69"}],"version-history":[{"count":0,"href":"https:\/\/dachstubn.at\/en\/wp-json\/wp\/v2\/pages\/69\/revisions"}],"wp:attachment":[{"href":"https:\/\/dachstubn.at\/en\/wp-json\/wp\/v2\/media?parent=69"}],"curies":[{"name":"wp","href":"https:\/\/api.w.org\/{rel}","templated":true}]}}